{"id":2262,"date":"2022-12-19T02:32:04","date_gmt":"2022-12-19T07:32:04","guid":{"rendered":"https:\/\/championclaimsusa.com\/dich-vu\/"},"modified":"2024-09-20T17:24:15","modified_gmt":"2024-09-20T21:24:15","slug":"dich-vu","status":"publish","type":"page","link":"https:\/\/championclaimsusa.com\/vi\/dich-vu\/","title":{"rendered":"D\u1ecbch v\u1ee5"},"content":{"rendered":"\t\t<div data-elementor-type=\"wp-page\" data-elementor-id=\"2262\" class=\"elementor elementor-2262 elementor-37\">\n\t\t\t\t\t\t<section class=\"elementor-section elementor-top-section elementor-element elementor-element-67152ff elementor-section-boxed elementor-section-height-default elementor-section-height-default\" data-id=\"67152ff\" data-element_type=\"section\" data-settings=\"{&quot;background_background&quot;:&quot;slideshow&quot;,&quot;background_slideshow_gallery&quot;:[{&quot;id&quot;:575,&quot;url&quot;:&quot;https:\\\/\\\/championclaimsusa.com\\\/wp-content\\\/uploads\\\/2024\\\/08\\\/slider-1.png&quot;},{&quot;id&quot;:576,&quot;url&quot;:&quot;https:\\\/\\\/championclaimsusa.com\\\/wp-content\\\/uploads\\\/2024\\\/08\\\/slider-4.webp&quot;},{&quot;id&quot;:577,&quot;url&quot;:&quot;https:\\\/\\\/championclaimsusa.com\\\/wp-content\\\/uploads\\\/2024\\\/08\\\/slider-5.webp&quot;},{&quot;id&quot;:573,&quot;url&quot;:&quot;https:\\\/\\\/championclaimsusa.com\\\/wp-content\\\/uploads\\\/2024\\\/08\\\/slider-2-1.webp&quot;}],&quot;background_slideshow_ken_burns&quot;:&quot;yes&quot;,&quot;background_slideshow_loop&quot;:&quot;yes&quot;,&quot;background_slideshow_slide_duration&quot;:5000,&quot;background_slideshow_slide_transition&quot;:&quot;fade&quot;,&quot;background_slideshow_transition_duration&quot;:500,&quot;background_slideshow_ken_burns_zoom_direction&quot;:&quot;in&quot;}\">\n\t\t\t\t\t\t<div class=\"elementor-container elementor-column-gap-default\">\n\t\t\t\t\t<div class=\"elementor-column elementor-col-100 elementor-top-column elementor-element elementor-element-108d99c\" data-id=\"108d99c\" data-element_type=\"column\">\n\t\t\t<div class=\"elementor-widget-wrap elementor-element-populated\">\n\t\t\t\t\t\t<div class=\"elementor-element elementor-element-07bec2e elementor-widget elementor-widget-gva-heading-block\" data-id=\"07bec2e\" data-element_type=\"widget\" data-widget_type=\"gva-heading-block.default\">\n\t\t\t\t<div class=\"elementor-widget-container\">\n\t\t\t<div class=\"gva-element-gva-heading-block gva-element\">   <div class=\"align-left style-1 widget gsc-heading box-align-left auto-responsive\">\r\n      <div class=\"content-inner\">\r\n         \r\n                  \r\n           \r\n         \r\n                     <h2 class=\"title\">\r\n               <span>\u0110i\u1ec1u ch\u1ec9nh d\u1ecbch v\u1ee5<\/span>\r\n            <\/h2>\r\n                  \r\n                     <div class=\"title-desc\">Cung c\u1ea5p m\u1ed9t con \u0111\u01b0\u1eddng kh\u00f4ng c\u0103ng th\u1eb3ng \u0111\u1ec3 c\u00f3 \u0111\u01b0\u1ee3c kho\u1ea3n thanh to\u00e1n c\u00f4ng b\u1eb1ng v\u00e0 \u0111\u00e1ng k\u1ec3<\/div>\r\n         \r\n         \r\n      <\/div>\r\n   <\/div>\r\n<\/div>\t\t<\/div>\n\t\t\t\t<\/div>\n\t\t\t\t\t<\/div>\n\t\t<\/div>\n\t\t\t\t\t<\/div>\n\t\t<\/section>\n\t\t\t\t<section class=\"elementor-section elementor-top-section elementor-element elementor-element-dd07740 elementor-section-boxed elementor-section-height-default elementor-section-height-default\" data-id=\"dd07740\" data-element_type=\"section\">\n\t\t\t\t\t\t<div class=\"elementor-container elementor-column-gap-default\">\n\t\t\t\t\t<div class=\"elementor-column elementor-col-100 elementor-top-column elementor-element elementor-element-1e099e8\" data-id=\"1e099e8\" data-element_type=\"column\">\n\t\t\t<div class=\"elementor-widget-wrap elementor-element-populated\">\n\t\t\t\t\t\t<div class=\"elementor-element elementor-element-afc578d elementor-widget elementor-widget-gva_icon_box_group\" data-id=\"afc578d\" data-element_type=\"widget\" data-widget_type=\"gva_icon_box_group.default\">\n\t\t\t\t<div class=\"elementor-widget-container\">\n\t\t\t<div class=\"gva-element-gva_icon_box_group gva-element\">\r\n<div class=\"gsc-icon-box-group layout-carousel swiper-slider-wrapper \">\r\n   <div class=\"swiper-content-inner\">\r\n      <div class=\"init-carousel-swiper swiper\" data-carousel=\"{&quot;items&quot;:4,&quot;items_lg&quot;:4,&quot;items_md&quot;:3,&quot;items_sm&quot;:3,&quot;items_xs&quot;:2,&quot;items_xx&quot;:2,&quot;effect&quot;:&quot;slide&quot;,&quot;space_between&quot;:30,&quot;loop&quot;:1,&quot;speed&quot;:1200,&quot;autoplay&quot;:1,&quot;autoplay_delay&quot;:5500,&quot;autoplay_hover&quot;:1,&quot;navigation&quot;:1,&quot;pagination&quot;:0,&quot;dynamic_bullets&quot;:0,&quot;pagination_type&quot;:&quot;bullets&quot;}\">\r\n         <div class=\"swiper-wrapper\">\r\n            <div class=\"swiper-slide\">\r\n<div class=\"icon-box-item elementor-repeater-item-d833a49\">\r\n\t\t<div class=\"iconbox-one__single\"><h3 class=\"iconbox-one__title\">Kh\u00f4ng c\u00f3 chi ph\u00ed tr\u1ea3 tr\u01b0\u1edbc<\/h3><div class=\"iconbox-one__icon\"><i aria-hidden=\"true\" class=\" micon__save-money\"><\/i><\/div><div class=\"iconbox-one__desc\">Tr\u00e1nh chi ph\u00ed c\u00e1 nh\u00e2n v\u1edbi d\u1ecbch v\u1ee5 h\u1ed7 tr\u1ee3 y\u00eau c\u1ea7u b\u1ed3i th\u01b0\u1eddng mi\u1ec5n ph\u00ed c\u1ee7a ch\u00fang t\u00f4i.<\/div>\t\t  <a href=\"#\" class=\"iconbox-one__link-overlay\">\r\n\t\t\t \t\t  <\/a>\r\n\t\t  <\/div>\r\n\t\t<\/div><\/div><div class=\"swiper-slide\">\r\n<div class=\"icon-box-item elementor-repeater-item-b50c52e\">\r\n\t\t<div class=\"iconbox-one__single\"><h3 class=\"iconbox-one__title\">Nh\u1eadn b\u00e1o gi\u00e1 mi\u1ec5n ph\u00ed<\/h3><div class=\"iconbox-one__icon\"><i aria-hidden=\"true\" class=\" micon__online-registration\"><\/i><\/div><div class=\"iconbox-one__desc\">Nh\u1eadn b\u00e1o gi\u00e1 mi\u1ec5n ph\u00ed ngay h\u00f4m nay v\u00e0 kh\u00e1m ph\u00e1 c\u00e1ch nh\u00f3m chuy\u00ean gia c\u1ee7a ch\u00fang t\u00f4i c\u00f3 th\u1ec3 gi\u00fap b\u1ea1n nh\u1eadn \u0111\u01b0\u1ee3c m\u1ee9c thanh to\u00e1n t\u1ed1i \u0111a.<\/div>\t\t  <a href=\"#\" class=\"iconbox-one__link-overlay\">\r\n\t\t\t \t\t  <\/a>\r\n\t\t  <\/div>\r\n\t\t<\/div><\/div><div class=\"swiper-slide\">\r\n<div class=\"icon-box-item elementor-repeater-item-2c50c28\">\r\n\t\t<div class=\"iconbox-one__single\"><h3 class=\"iconbox-one__title\">Qu\u00e1 tr\u00ecnh kh\u00f4ng c\u0103ng th\u1eb3ng<\/h3><div class=\"iconbox-one__icon\"><i aria-hidden=\"true\" class=\" micon__guarantee\"><\/i><\/div><div class=\"iconbox-one__desc\">H\u00e3y \u0111\u1ec3 ch\u00fang t\u00f4i gi\u1ea3i quy\u1ebft nh\u1eefng ph\u1ee9c t\u1ea1p trong khi\u1ebfu n\u1ea1i c\u1ee7a b\u1ea1n, \u0111\u1ea3m b\u1ea3o tr\u1ea3i nghi\u1ec7m kh\u00f4ng g\u1eb7p r\u1eafc r\u1ed1i.<\/div>\t\t  <a href=\"#\" class=\"iconbox-one__link-overlay\">\r\n\t\t\t \t\t  <\/a>\r\n\t\t  <\/div>\r\n\t\t<\/div><\/div><div class=\"swiper-slide\">\r\n<div class=\"icon-box-item elementor-repeater-item-c492c79\">\r\n\t\t<div class=\"iconbox-one__single\"><h3 class=\"iconbox-one__title\">Thanh to\u00e1n t\u1ed1i \u0111a<\/h3><div class=\"iconbox-one__icon\"><i aria-hidden=\"true\" class=\" micon__insurance\"><\/i><\/div><div class=\"iconbox-one__desc\">Ch\u00fang t\u00f4i n\u1ed7 l\u1ef1c \u0111\u1ea3m b\u1ea3o m\u1ee9c gi\u1ea3i quy\u1ebft cao nh\u1ea5t c\u00f3 th\u1ec3 cho khi\u1ebfu n\u1ea1i c\u1ee7a b\u1ea1n.<\/div>\t\t  <a href=\"#\" class=\"iconbox-one__link-overlay\">\r\n\t\t\t \t\t  <\/a>\r\n\t\t  <\/div>\r\n\t\t<\/div><\/div>         <\/div>\r\n      <\/div>\r\n   <\/div>   \r\n   <div class=\"swiper-pagination\"><\/div>   <div class=\"swiper-nav-next\"><\/div><div class=\"swiper-nav-prev\"><\/div><\/div>\r\n<\/div>\t\t<\/div>\n\t\t\t\t<\/div>\n\t\t\t\t\t<\/div>\n\t\t<\/div>\n\t\t\t\t\t<\/div>\n\t\t<\/section>\n\t\t\t\t<section class=\"elementor-section elementor-top-section elementor-element elementor-element-ee08d72 elementor-section-boxed elementor-section-height-default elementor-section-height-default\" data-id=\"ee08d72\" data-element_type=\"section\">\n\t\t\t\t\t\t<div class=\"elementor-container elementor-column-gap-default\">\n\t\t\t\t\t<div class=\"elementor-column elementor-col-100 elementor-top-column elementor-element elementor-element-697956a\" data-id=\"697956a\" data-element_type=\"column\">\n\t\t\t<div class=\"elementor-widget-wrap elementor-element-populated\">\n\t\t\t\t\t\t<div class=\"elementor-element elementor-element-5c59828 elementor-widget elementor-widget-gva-heading-block\" data-id=\"5c59828\" data-element_type=\"widget\" data-widget_type=\"gva-heading-block.default\">\n\t\t\t\t<div class=\"elementor-widget-container\">\n\t\t\t<div class=\"gva-element-gva-heading-block gva-element\">   <div class=\"align-center style-1 widget gsc-heading box-align-left auto-responsive\">\r\n      <div class=\"content-inner\">\r\n         \r\n                  \r\n         <div class=\"sub-title\"><span class=\"tagline\">nh\u1eefng g\u00ec ch\u00fang t\u00f4i \u0111ang cung c\u1ea5p<\/span><\/div>  \r\n         \r\n                     <h2 class=\"title\">\r\n               <span>Ch\u00fang t\u00f4i \u1edf \u0111\u00e2y \u0111\u1ec3 \u1ee7ng h\u1ed9 b\u1ea1n v\u00e0 gi\u00fap b\u1ea1n \u0111\u1ea1t \u0111\u01b0\u1ee3c nh\u1eefng g\u00ec ch\u00fang t\u00f4i cung c\u1ea5p<\/span>\r\n            <\/h2>\r\n                  \r\n         \r\n         \r\n      <\/div>\r\n   <\/div>\r\n<\/div>\t\t<\/div>\n\t\t\t\t<\/div>\n\t\t\t\t<div class=\"elementor-element elementor-element-aacdc6f elementor-widget elementor-widget-gva-services\" data-id=\"aacdc6f\" data-element_type=\"widget\" data-settings=\"{&quot;_animation&quot;:&quot;none&quot;}\" data-widget_type=\"gva-services.default\">\n\t\t\t\t<div class=\"elementor-widget-container\">\n\t\t\t<div class=\"gva-element-gva-services gva-element\">\r\n<div class=\"gsc-services layout-grid\">\r\n   <div class=\"lg-block-grid-4 md-block-grid-4 sm-block-grid-3 xs-block-grid-2 xx-block-grid-2\">\r\n      <div class=\"item-columns\">\r\n\t\r\n\r\n\r\n\r\n<div class=\"service-four__single active\"><div class=\"service-four__image\"><img decoding=\"async\" src=\"https:\/\/championclaimsusa.com\/wp-content\/uploads\/2024\/09\/cc-roof-damage.png\" alt=\"Thi\u1ec7t h\u1ea1i m\u00e1i nh\u00e0\"\/><\/div><div class=\"service-four__content\"><div class=\"service-four__content-inner\"><span class=\"service-four__icon\"><span class=\"service-four__icon-inner\"><i aria-hidden=\"true\" class=\"fas fa-house-damage\"><\/i><\/span><\/span><h4 class=\"service-four__title\"><span>Thi\u1ec7t h\u1ea1i m\u00e1i nh\u00e0<\/span><\/h4><div class=\"service-four__desc\">Ch\u00fang t\u00f4i \u0111\u00e1nh gi\u00e1 v\u00e0 ghi l\u1ea1i thi\u1ec7t h\u1ea1i c\u1ee7a m\u00e1i nh\u00e0 do b\u00e3o, r\u00f2 r\u1ec9 ho\u1eb7c c\u00e1c s\u1ef1 c\u1ed1 kh\u00e1c g\u00e2y ra.<\/div><div class=\"service-three__button\">\t\t  <a href=\"https:\/\/championclaimsusa.com\/services\/roof-damage\/\" class=\"btn-inline\">\r\n\t\t\t Read more\t\t  <\/a>\r\n\t\t  <\/div><\/div><\/div>\t\t  <a href=\"https:\/\/championclaimsusa.com\/services\/roof-damage\/\" class=\"service-four__overlay-link\"><\/a>\r\n\t\t  <\/div><\/div><div class=\"item-columns\">\r\n\t\r\n\r\n\r\n\r\n<div class=\"service-four__single active\"><div class=\"service-four__image\"><img decoding=\"async\" src=\"https:\/\/championclaimsusa.com\/wp-content\/uploads\/2024\/09\/pipe-leak-champion-claims-1.png\" alt=\"R\u00f2 r\u1ec9 \u0111\u01b0\u1eddng \u1ed1ng\"\/><\/div><div class=\"service-four__content\"><div class=\"service-four__content-inner\"><span class=\"service-four__icon\"><span class=\"service-four__icon-inner\"><i aria-hidden=\"true\" class=\"fas fa-wrench\"><\/i><\/span><\/span><h4 class=\"service-four__title\"><span>R\u00f2 r\u1ec9 \u0111\u01b0\u1eddng \u1ed1ng<\/span><\/h4><div class=\"service-four__desc\">\u0110\u1ed9i ng\u0169 gi\u00e1m \u0111\u1ecbnh c\u1ee7a ch\u00fang t\u00f4i chuy\u00ean \u0111\u00e1nh gi\u00e1 thi\u1ec7t h\u1ea1i do n\u01b0\u1edbc g\u00e2y ra do r\u00f2 r\u1ec9 v\u00e0 v\u1ee1 \u0111\u01b0\u1eddng \u1ed1ng.<\/div><div class=\"service-three__button\">\t\t  <a href=\"https:\/\/championclaimsusa.com\/services\/pipe-leak\/\" class=\"btn-inline\">\r\n\t\t\t Read more\t\t  <\/a>\r\n\t\t  <\/div><\/div><\/div>\t\t  <a href=\"https:\/\/championclaimsusa.com\/services\/pipe-leak\/\" class=\"service-four__overlay-link\"><\/a>\r\n\t\t  <\/div><\/div><div class=\"item-columns\">\r\n\t\r\n\r\n\r\n\r\n<div class=\"service-four__single\"><div class=\"service-four__image\"><img decoding=\"async\" src=\"https:\/\/championclaimsusa.com\/wp-content\/uploads\/2023\/01\/service-06.jpg\" alt=\"Ng\u1ecdn l\u1eeda\"\/><\/div><div class=\"service-four__content\"><div class=\"service-four__content-inner\"><span class=\"service-four__icon\"><span class=\"service-four__icon-inner\"><i aria-hidden=\"true\" class=\" micon__fire1\"><\/i><\/span><\/span><h4 class=\"service-four__title\"><span>Ng\u1ecdn l\u1eeda<\/span><\/h4><div class=\"service-four__desc\">Ch\u00fang t\u00f4i gi\u00fap x\u00e1c \u0111\u1ecbnh m\u1ee9c \u0111\u1ed9 thi\u1ec7t h\u1ea1i do h\u1ecfa ho\u1ea1n v\u00e0 \u0111\u00e1nh gi\u00e1 t\u1ed5n th\u1ea5t v\u1ec1 t\u00e0i s\u1ea3n.<\/div><div class=\"service-three__button\">\t\t  <a href=\"https:\/\/championclaimsusa.com\/services\/fire\/\" class=\"btn-inline\">\r\n\t\t\t Read more\t\t  <\/a>\r\n\t\t  <\/div><\/div><\/div>\t\t  <a href=\"https:\/\/championclaimsusa.com\/services\/fire\/\" class=\"service-four__overlay-link\"><\/a>\r\n\t\t  <\/div><\/div><div class=\"item-columns\">\r\n\t\r\n\r\n\r\n\r\n<div class=\"service-four__single\"><div class=\"service-four__image\"><img decoding=\"async\" src=\"https:\/\/championclaimsusa.com\/wp-content\/uploads\/2024\/09\/CC-hurricane.png\" alt=\"B\u00e3o\"\/><\/div><div class=\"service-four__content\"><div class=\"service-four__content-inner\"><span class=\"service-four__icon\"><span class=\"service-four__icon-inner\"><i aria-hidden=\"true\" class=\"fas fa-cloud-rain\"><\/i><\/span><\/span><h4 class=\"service-four__title\"><span>B\u00e3o<\/span><\/h4><div class=\"service-four__desc\">Ch\u00fang t\u00f4i c\u00f3 kinh nghi\u1ec7m x\u1eed l\u00fd c\u00e1c khi\u1ebfu n\u1ea1i li\u00ean quan \u0111\u1ebfn b\u00e3o, t\u1eeb thi\u1ec7t h\u1ea1i do gi\u00f3 \u0111\u1ebfn l\u0169 l\u1ee5t v\u00e0 d\u1ecdn d\u1eb9p m\u1ea3nh v\u1ee1.\n<\/div><div class=\"service-three__button\">\t\t  <a href=\"https:\/\/championclaimsusa.com\/services\/hurricane\/\" class=\"btn-inline\">\r\n\t\t\t Read more\t\t  <\/a>\r\n\t\t  <\/div><\/div><\/div>\t\t  <a href=\"https:\/\/championclaimsusa.com\/services\/hurricane\/\" class=\"service-four__overlay-link\"><\/a>\r\n\t\t  <\/div><\/div>   <\/div>\r\n<\/div>\r\n<\/div>\t\t<\/div>\n\t\t\t\t<\/div>\n\t\t\t\t\t<\/div>\n\t\t<\/div>\n\t\t\t\t\t<\/div>\n\t\t<\/section>\n\t\t\t\t<section class=\"elementor-section elementor-top-section elementor-element elementor-element-c6640ea elementor-section-boxed elementor-section-height-default elementor-section-height-default\" data-id=\"c6640ea\" data-element_type=\"section\">\n\t\t\t\t\t\t<div class=\"elementor-container elementor-column-gap-default\">\n\t\t\t\t\t<div class=\"elementor-column elementor-col-50 elementor-top-column elementor-element elementor-element-e0f5378\" data-id=\"e0f5378\" data-element_type=\"column\" data-settings=\"{&quot;background_background&quot;:&quot;classic&quot;}\">\n\t\t\t<div class=\"elementor-widget-wrap elementor-element-populated\">\n\t\t\t\t\t\t<div class=\"elementor-element elementor-element-c609c09 elementor-widget elementor-widget-spacer\" data-id=\"c609c09\" data-element_type=\"widget\" data-widget_type=\"spacer.default\">\n\t\t\t\t<div class=\"elementor-widget-container\">\n\t\t\t\t\t<div class=\"elementor-spacer\">\n\t\t\t<div class=\"elementor-spacer-inner\"><\/div>\n\t\t<\/div>\n\t\t\t\t<\/div>\n\t\t\t\t<\/div>\n\t\t\t\t\t<\/div>\n\t\t<\/div>\n\t\t\t\t<div class=\"elementor-column elementor-col-50 elementor-top-column elementor-element elementor-element-919ea17\" data-id=\"919ea17\" data-element_type=\"column\" data-settings=\"{&quot;background_background&quot;:&quot;gradient&quot;}\">\n\t\t\t<div class=\"elementor-widget-wrap elementor-element-populated\">\n\t\t\t\t\t<div class=\"elementor-background-overlay\"><\/div>\n\t\t\t\t\t\t<div class=\"elementor-element elementor-element-6bcafc7 elementor-widget elementor-widget-heading\" data-id=\"6bcafc7\" data-element_type=\"widget\" data-widget_type=\"heading.default\">\n\t\t\t\t<div class=\"elementor-widget-container\">\n\t\t\t<h2 class=\"elementor-heading-title elementor-size-default\">T\u1ea1i sao ch\u1ecdn ch\u00fang t\u00f4i?<\/h2>\t\t<\/div>\n\t\t\t\t<\/div>\n\t\t\t\t<div class=\"elementor-element elementor-element-dc73997 elementor-widget elementor-widget-text-editor\" data-id=\"dc73997\" data-element_type=\"widget\" data-widget_type=\"text-editor.default\">\n\t\t\t\t<div class=\"elementor-widget-container\">\n\t\t\t\t\t\t\t<p>L\u00e0 c\u00f4ng ty gi\u00e1m \u0111\u1ecbnh c\u00f4ng c\u1ed9ng \u0111\u1ed9c l\u1eadp \u0111\u00e1ng tin c\u1eady c\u1ee7a b\u1ea1n t\u1ea1i Florida, Champion Claims s\u1ebd n\u1ed7 l\u1ef1c h\u1ebft m\u00ecnh \u0111\u1ec3 \u0111\u1ea3m b\u1ea3o kho\u1ea3n thanh to\u00e1n t\u1ed1i \u0111a v\u00e0 l\u00e0 ng\u01b0\u1eddi \u1ee7ng h\u1ed9 trung th\u00e0nh cho kh\u00e1ch h\u00e0ng d\u00e2n c\u01b0 v\u00e0 th\u01b0\u01a1ng m\u1ea1i. V\u1edbi ch\u00fang t\u00f4i, kh\u00f4ng ch\u1ec9 l\u00e0 n\u1ed9p \u0111\u01a1n y\u00eau c\u1ea7u b\u1ed3i th\u01b0\u1eddng \u2014 m\u00e0 l\u00e0 b\u1eaft \u0111\u1ea7u h\u00e0nh tr\u00ecnh ph\u1ee5c h\u1ed3i v\u1edbi m\u1ed9t \u0111\u1ed1i t\u00e1c \u0111\u00e1ng tin c\u1eady b\u00ean c\u1ea1nh b\u1ea1n. H\u00e3y li\u00ean h\u1ec7 v\u1edbi ch\u00fang t\u00f4i ngay h\u00f4m nay \u0111\u1ec3 ch\u00fang t\u00f4i x\u1eed l\u00fd s\u1ef1 ph\u1ee9c t\u1ea1p trong y\u00eau c\u1ea7u b\u1ed3i th\u01b0\u1eddng c\u1ee7a b\u1ea1n v\u00e0 bi\u1ebft r\u1eb1ng b\u1ea1n \u0111ang \u1edf trong tay t\u1ed1t \u0111\u1ec3 nh\u1eadn \u0111\u01b0\u1ee3c nh\u1eefng g\u00ec b\u1ea1n x\u1ee9ng \u0111\u00e1ng \u0111\u01b0\u1ee3c h\u01b0\u1edfng.  <\/p>\n\t\t\t\t\t\t<\/div>\n\t\t\t\t<\/div>\n\t\t\t\t<div class=\"elementor-element elementor-element-ba27150 elementor-icon-list--layout-traditional elementor-list-item-link-full_width elementor-widget elementor-widget-icon-list\" data-id=\"ba27150\" data-element_type=\"widget\" data-widget_type=\"icon-list.default\">\n\t\t\t\t<div class=\"elementor-widget-container\">\n\t\t\t\t\t<ul class=\"elementor-icon-list-items\">\n\t\t\t\t\t\t\t<li class=\"elementor-icon-list-item\">\n\t\t\t\t\t\t\t\t\t\t\t<span class=\"elementor-icon-list-icon\">\n\t\t\t\t\t\t\t<i aria-hidden=\"true\" class=\"fas fa-check-circle\"><\/i>\t\t\t\t\t\t<\/span>\n\t\t\t\t\t\t\t\t\t\t<span class=\"elementor-icon-list-text\">S\u1ef1 h\u00e0i l\u00f2ng c\u1ee7a kh\u00e1ch h\u00e0ng<\/span>\n\t\t\t\t\t\t\t\t\t<\/li>\n\t\t\t\t\t\t\t\t<li class=\"elementor-icon-list-item\">\n\t\t\t\t\t\t\t\t\t\t\t<span class=\"elementor-icon-list-icon\">\n\t\t\t\t\t\t\t<i aria-hidden=\"true\" class=\"fas fa-check-circle\"><\/i>\t\t\t\t\t\t<\/span>\n\t\t\t\t\t\t\t\t\t\t<span class=\"elementor-icon-list-text\">Qu\u00e1 tr\u00ecnh kh\u00f4ng c\u0103ng th\u1eb3ng<\/span>\n\t\t\t\t\t\t\t\t\t<\/li>\n\t\t\t\t\t\t\t\t<li class=\"elementor-icon-list-item\">\n\t\t\t\t\t\t\t\t\t\t\t<span class=\"elementor-icon-list-icon\">\n\t\t\t\t\t\t\t<i aria-hidden=\"true\" class=\"fas fa-check-circle\"><\/i>\t\t\t\t\t\t<\/span>\n\t\t\t\t\t\t\t\t\t\t<span class=\"elementor-icon-list-text\">Thanh to\u00e1n t\u1ed1i \u0111a<\/span>\n\t\t\t\t\t\t\t\t\t<\/li>\n\t\t\t\t\t\t<\/ul>\n\t\t\t\t<\/div>\n\t\t\t\t<\/div>\n\t\t\t\t\t<\/div>\n\t\t<\/div>\n\t\t\t\t\t<\/div>\n\t\t<\/section>\n\t\t\t\t<\/div>\n\t\t","protected":false},"excerpt":{"rendered":"<p>\u0110i\u1ec1u ch\u1ec9nh d\u1ecbch v\u1ee5 Cung c\u1ea5p m\u1ed9t con \u0111\u01b0\u1eddng kh\u00f4ng c\u0103ng th\u1eb3ng \u0111\u1ec3 c\u00f3 \u0111\u01b0\u1ee3c kho\u1ea3n thanh to\u00e1n c\u00f4ng b\u1eb1ng v\u00e0 \u0111\u00e1ng k\u1ec3 Kh\u00f4ng c\u00f3 chi ph\u00ed tr\u1ea3 tr\u01b0\u1edbc Tr\u00e1nh [&hellip;]<\/p>\n","protected":false},"author":2,"featured_media":0,"parent":0,"menu_order":0,"comment_status":"closed","ping_status":"closed","template":"","meta":{"footnotes":""},"class_list":["post-2262","page","type-page","status-publish","hentry"],"_links":{"self":[{"href":"https:\/\/championclaimsusa.com\/vi\/wp-json\/wp\/v2\/pages\/2262","targetHints":{"allow":["GET"]}}],"collection":[{"href":"https:\/\/championclaimsusa.com\/vi\/wp-json\/wp\/v2\/pages"}],"about":[{"href":"https:\/\/championclaimsusa.com\/vi\/wp-json\/wp\/v2\/types\/page"}],"author":[{"embeddable":true,"href":"https:\/\/championclaimsusa.com\/vi\/wp-json\/wp\/v2\/users\/2"}],"replies":[{"embeddable":true,"href":"https:\/\/championclaimsusa.com\/vi\/wp-json\/wp\/v2\/comments?post=2262"}],"version-history":[{"count":11,"href":"https:\/\/championclaimsusa.com\/vi\/wp-json\/wp\/v2\/pages\/2262\/revisions"}],"predecessor-version":[{"id":2427,"href":"https:\/\/championclaimsusa.com\/vi\/wp-json\/wp\/v2\/pages\/2262\/revisions\/2427"}],"wp:attachment":[{"href":"https:\/\/championclaimsusa.com\/vi\/wp-json\/wp\/v2\/media?parent=2262"}],"curies":[{"name":"wp","href":"https:\/\/api.w.org\/{rel}","templated":true}]}}