{"id":2210,"date":"2023-01-10T01:46:03","date_gmt":"2023-01-10T06:46:03","guid":{"rendered":"https:\/\/championclaimsusa.com\/nhan-bao-gia\/"},"modified":"2024-09-20T18:14:08","modified_gmt":"2024-09-20T22:14:08","slug":"nhan-bao-gia","status":"publish","type":"page","link":"https:\/\/championclaimsusa.com\/vi\/nhan-bao-gia\/","title":{"rendered":"Nh\u1eadn b\u00e1o gi\u00e1"},"content":{"rendered":"\t\t<div data-elementor-type=\"wp-page\" data-elementor-id=\"2210\" class=\"elementor elementor-2210 elementor-226\">\n\t\t\t\t\t\t<section class=\"elementor-section elementor-top-section elementor-element elementor-element-d8b6069 elementor-section-boxed elementor-section-height-default elementor-section-height-default\" data-id=\"d8b6069\" data-element_type=\"section\" data-settings=\"{&quot;background_background&quot;:&quot;slideshow&quot;,&quot;background_slideshow_gallery&quot;:[{&quot;id&quot;:1836,&quot;url&quot;:&quot;https:\\\/\\\/championclaimsusa.com\\\/wp-content\\\/uploads\\\/2024\\\/08\\\/slider-2-1.webp&quot;},{&quot;id&quot;:1842,&quot;url&quot;:&quot;https:\\\/\\\/championclaimsusa.com\\\/wp-content\\\/uploads\\\/2024\\\/08\\\/slider-4.webp&quot;},{&quot;id&quot;:1848,&quot;url&quot;:&quot;https:\\\/\\\/championclaimsusa.com\\\/wp-content\\\/uploads\\\/2024\\\/08\\\/slider-7.webp&quot;},{&quot;id&quot;:1884,&quot;url&quot;:&quot;https:\\\/\\\/championclaimsusa.com\\\/wp-content\\\/uploads\\\/2024\\\/09\\\/Roof-Slider-2.png&quot;}],&quot;background_slideshow_ken_burns&quot;:&quot;yes&quot;,&quot;background_slideshow_loop&quot;:&quot;yes&quot;,&quot;background_slideshow_slide_duration&quot;:5000,&quot;background_slideshow_slide_transition&quot;:&quot;fade&quot;,&quot;background_slideshow_transition_duration&quot;:500,&quot;background_slideshow_ken_burns_zoom_direction&quot;:&quot;in&quot;}\">\n\t\t\t\t\t\t<div class=\"elementor-container elementor-column-gap-default\">\n\t\t\t\t\t<div class=\"elementor-column elementor-col-100 elementor-top-column elementor-element elementor-element-785615b\" data-id=\"785615b\" data-element_type=\"column\">\n\t\t\t<div class=\"elementor-widget-wrap elementor-element-populated\">\n\t\t\t\t\t\t<div class=\"elementor-element elementor-element-77aebda elementor-widget elementor-widget-gva-heading-block\" data-id=\"77aebda\" data-element_type=\"widget\" data-widget_type=\"gva-heading-block.default\">\n\t\t\t\t<div class=\"elementor-widget-container\">\n\t\t\t<div class=\"gva-element-gva-heading-block gva-element\">   <div class=\"align-left style-1 widget gsc-heading box-align-left auto-responsive\">\r\n      <div class=\"content-inner\">\r\n         \r\n                  \r\n           \r\n         \r\n                     <h2 class=\"title\">\r\n               <span>Nh\u1eadn b\u00e1o gi\u00e1<\/span>\r\n            <\/h2>\r\n                  \r\n         \r\n         \r\n      <\/div>\r\n   <\/div>\r\n<\/div>\t\t<\/div>\n\t\t\t\t<\/div>\n\t\t\t\t\t<\/div>\n\t\t<\/div>\n\t\t\t\t\t<\/div>\n\t\t<\/section>\n\t\t\t\t<section class=\"elementor-section elementor-top-section elementor-element elementor-element-a7a1be2 elementor-section-full_width elementor-section-height-default elementor-section-height-default\" data-id=\"a7a1be2\" data-element_type=\"section\" data-settings=\"{&quot;background_background&quot;:&quot;classic&quot;}\">\n\t\t\t\t\t\t<div class=\"elementor-container elementor-column-gap-default\">\n\t\t\t\t\t<div class=\"elementor-column elementor-col-100 elementor-top-column elementor-element elementor-element-a2a554a\" data-id=\"a2a554a\" data-element_type=\"column\">\n\t\t\t<div class=\"elementor-widget-wrap elementor-element-populated\">\n\t\t\t\t\t\t<div class=\"elementor-element elementor-element-69b49ed elementor-widget elementor-widget-gva-tab-contact-form\" data-id=\"69b49ed\" data-element_type=\"widget\" data-widget_type=\"gva-tab-contact-form.default\">\n\t\t\t\t<div class=\"elementor-widget-container\">\n\t\t\t<div class=\"gva-element-gva-tab-contact-form gva-element\">\r\n\r\n   <div class=\"tabs-contact-two__single\">\r\n      <div class=\"tabs-contact-two__wrapper\">\r\n         <div class=\"tabs-contact-two__forms\">\r\n            \r\n            <div class=\"align-left style-1 widget gsc-heading auto-responsive tabs-contact-two__heading\">\r\n               <div class=\"content-inner\">\r\n                  <div class=\"sub-title\"><span class=\"tagline\">Li\u00ean h\u1ec7 v\u1edbi ch\u00fang t\u00f4i<\/span><\/div><h2 class=\"title\"><span>\u0110\u1ec3 \u0111\u01b0\u1ee3c ki\u1ec3m tra mi\u1ec5n ph\u00ed<\/span><\/h2>               <\/div>\r\n            <\/div>\r\n            <div class=\"tabs-contact-two__forms-inner\">\r\n               <ul class=\"nav tabs-contact-two__nav\" id=\"tabs-1859613050\" role=\"tablist\">\r\n                  <li class=\"tabs-contact-two__nav-item\" role=\"presentation\"><a class=\"tabs-contact-two__nav-link active\" data-bs-toggle=\"tab\" href=\"#\" data-bs-target=\"#tab-item-18596130501071\" role=\"tab\"><i aria-hidden=\"true\" class=\" micon__home1\"><\/i>Home<\/a><\/li><li class=\"tabs-contact-two__nav-item\" role=\"presentation\"><a class=\"tabs-contact-two__nav-link\" data-bs-toggle=\"tab\" href=\"#\" data-bs-target=\"#tab-item-18596130501072\" role=\"tab\"><i aria-hidden=\"true\" class=\" micon__suitcase\"><\/i>Business<\/a><\/li>               <\/ul>   \r\n               <div class=\"tabs-contact-two__content tab-content\">\r\n                  <div class=\"tabs-contact-two__panel tab-pane fade  show active\" id=\"tab-item-18596130501071\" tabindex=\"1\">\n<div class=\"wpcf7 no-js\" id=\"wpcf7-f2338-o1\" lang=\"vi-VN\" dir=\"ltr\" data-wpcf7-id=\"2338\">\n<div class=\"screen-reader-response\"><p role=\"status\" aria-live=\"polite\" aria-atomic=\"true\"><\/p> <ul><\/ul><\/div>\n<form action=\"\/vi\/wp-json\/wp\/v2\/pages\/2210#wpcf7-f2338-o1\" method=\"post\" class=\"wpcf7-form init\" aria-label=\"Contact form\" enctype=\"multipart\/form-data\" novalidate=\"novalidate\" data-status=\"init\">\n<fieldset class=\"hidden-fields-container\"><input type=\"hidden\" name=\"_wpcf7\" value=\"2338\" \/><input type=\"hidden\" name=\"_wpcf7_version\" value=\"6.1.2\" \/><input type=\"hidden\" name=\"_wpcf7_locale\" value=\"vi_VN\" \/><input type=\"hidden\" name=\"_wpcf7_unit_tag\" value=\"wpcf7-f2338-o1\" \/><input type=\"hidden\" name=\"_wpcf7_container_post\" value=\"0\" \/><input type=\"hidden\" name=\"_wpcf7_posted_data_hash\" value=\"\" \/>\n<\/fieldset>\n<div class=\"get-insurance__form\">\n   <div class=\"get-insurance__content\">\n      <div class=\"get-insurance__form-control\"><span class=\"wpcf7-form-control-wrap\" data-name=\"your-name\"><input size=\"40\" maxlength=\"400\" class=\"wpcf7-form-control wpcf7-text wpcf7-validates-as-required\" aria-required=\"true\" aria-invalid=\"false\" placeholder=\"H\u1ecd v\u00e0 t\u00ean\" value=\"\" type=\"text\" name=\"your-name\" \/><\/span><\/div>\n      <div class=\"get-insurance__form-control\"><span class=\"wpcf7-form-control-wrap\" data-name=\"tel-customerphone\"><input size=\"40\" maxlength=\"400\" class=\"wpcf7-form-control wpcf7-tel wpcf7-validates-as-required wpcf7-text wpcf7-validates-as-tel\" aria-required=\"true\" aria-invalid=\"false\" value=\"S\u1ed1 \u0111i\u1ec7n tho\u1ea1i c\u1ee7a b\u1ea1n\" type=\"tel\" name=\"tel-customerphone\" \/><\/span><\/div>\n      <div class=\"get-insurance__form-control\"><span class=\"wpcf7-form-control-wrap\" data-name=\"your-email\"><input size=\"40\" maxlength=\"400\" class=\"wpcf7-form-control wpcf7-email wpcf7-validates-as-required wpcf7-text wpcf7-validates-as-email\" aria-required=\"true\" aria-invalid=\"false\" placeholder=\"\u0110\u1ecba ch\u1ec9 email\" value=\"\" type=\"email\" name=\"your-email\" \/><\/span><\/div>\n      <div class=\"get-insurance__form-control\">\n           <label class=\"file-upload-label\">T\u1ea3i l\u00ean ch\u00ednh s\u00e1ch b\u1ea3o hi\u1ec3m c\u1ee7a b\u1ea1n<\/label>\n            <span class=\"wpcf7-form-control-wrap\" data-name=\"insurance-policy\"><input size=\"40\" class=\"wpcf7-form-control wpcf7-file wpcf7-validates-as-required\" accept=\".pdf,.jpg,.jpeg,.png\" aria-required=\"true\" aria-invalid=\"false\" type=\"file\" name=\"insurance-policy\" \/><\/span>\n      <\/div>\n      <div class=\"get-insurance__form-control\"><label class=\"file-upload-label\">Tu\u1ed5i\/M\u1ea5y n\u0103m c\u1ee7a m\u00e1i nh\u00e0<\/label><span class=\"wpcf7-form-control-wrap\" data-name=\"number-roofage\"><input class=\"wpcf7-form-control wpcf7-number wpcf7-validates-as-number\" min=\"0\" max=\"50\" aria-invalid=\"false\" value=\"1\" type=\"number\" name=\"number-roofage\" \/><\/span> <\/div>\n     <\/div>\n<\/div>\n<input class=\"wpcf7-form-control wpcf7-submit has-spinner\" type=\"submit\" value=\"N\u1ed9p\" \/><div class=\"wpcf7-response-output\" aria-hidden=\"true\"><\/div>\n<\/form>\n<\/div>\n<\/div><div class=\"tabs-contact-two__panel tab-pane fade \" id=\"tab-item-18596130501072\" tabindex=\"2\">\n<div class=\"wpcf7 no-js\" id=\"wpcf7-f2338-o2\" lang=\"vi-VN\" dir=\"ltr\" data-wpcf7-id=\"2338\">\n<div class=\"screen-reader-response\"><p role=\"status\" aria-live=\"polite\" aria-atomic=\"true\"><\/p> <ul><\/ul><\/div>\n<form action=\"\/vi\/wp-json\/wp\/v2\/pages\/2210#wpcf7-f2338-o2\" method=\"post\" class=\"wpcf7-form init\" aria-label=\"Contact form\" enctype=\"multipart\/form-data\" novalidate=\"novalidate\" data-status=\"init\">\n<fieldset class=\"hidden-fields-container\"><input type=\"hidden\" name=\"_wpcf7\" value=\"2338\" \/><input type=\"hidden\" name=\"_wpcf7_version\" value=\"6.1.2\" \/><input type=\"hidden\" name=\"_wpcf7_locale\" value=\"vi_VN\" \/><input type=\"hidden\" name=\"_wpcf7_unit_tag\" value=\"wpcf7-f2338-o2\" \/><input type=\"hidden\" name=\"_wpcf7_container_post\" value=\"0\" \/><input type=\"hidden\" name=\"_wpcf7_posted_data_hash\" value=\"\" \/>\n<\/fieldset>\n<div class=\"get-insurance__form\">\n   <div class=\"get-insurance__content\">\n      <div class=\"get-insurance__form-control\"><span class=\"wpcf7-form-control-wrap\" data-name=\"your-name\"><input size=\"40\" maxlength=\"400\" class=\"wpcf7-form-control wpcf7-text wpcf7-validates-as-required\" aria-required=\"true\" aria-invalid=\"false\" placeholder=\"H\u1ecd v\u00e0 t\u00ean\" value=\"\" type=\"text\" name=\"your-name\" \/><\/span><\/div>\n      <div class=\"get-insurance__form-control\"><span class=\"wpcf7-form-control-wrap\" data-name=\"tel-customerphone\"><input size=\"40\" maxlength=\"400\" class=\"wpcf7-form-control wpcf7-tel wpcf7-validates-as-required wpcf7-text wpcf7-validates-as-tel\" aria-required=\"true\" aria-invalid=\"false\" value=\"S\u1ed1 \u0111i\u1ec7n tho\u1ea1i c\u1ee7a b\u1ea1n\" type=\"tel\" name=\"tel-customerphone\" \/><\/span><\/div>\n      <div class=\"get-insurance__form-control\"><span class=\"wpcf7-form-control-wrap\" data-name=\"your-email\"><input size=\"40\" maxlength=\"400\" class=\"wpcf7-form-control wpcf7-email wpcf7-validates-as-required wpcf7-text wpcf7-validates-as-email\" aria-required=\"true\" aria-invalid=\"false\" placeholder=\"\u0110\u1ecba ch\u1ec9 email\" value=\"\" type=\"email\" name=\"your-email\" \/><\/span><\/div>\n      <div class=\"get-insurance__form-control\">\n           <label class=\"file-upload-label\">T\u1ea3i l\u00ean ch\u00ednh s\u00e1ch b\u1ea3o hi\u1ec3m c\u1ee7a b\u1ea1n<\/label>\n            <span class=\"wpcf7-form-control-wrap\" data-name=\"insurance-policy\"><input size=\"40\" class=\"wpcf7-form-control wpcf7-file wpcf7-validates-as-required\" accept=\".pdf,.jpg,.jpeg,.png\" aria-required=\"true\" aria-invalid=\"false\" type=\"file\" name=\"insurance-policy\" \/><\/span>\n      <\/div>\n      <div class=\"get-insurance__form-control\"><label class=\"file-upload-label\">Tu\u1ed5i\/M\u1ea5y n\u0103m c\u1ee7a m\u00e1i nh\u00e0<\/label><span class=\"wpcf7-form-control-wrap\" data-name=\"number-roofage\"><input class=\"wpcf7-form-control wpcf7-number wpcf7-validates-as-number\" min=\"0\" max=\"50\" aria-invalid=\"false\" value=\"1\" type=\"number\" name=\"number-roofage\" \/><\/span> <\/div>\n     <\/div>\n<\/div>\n<input class=\"wpcf7-form-control wpcf7-submit has-spinner\" type=\"submit\" value=\"N\u1ed9p\" \/><div class=\"wpcf7-response-output\" aria-hidden=\"true\"><\/div>\n<\/form>\n<\/div>\n<\/div>               <\/div>\r\n            <\/div>   \r\n         <\/div>\r\n         <div class=\"tabs-contact-two__image\"><div class=\"tabs-contact-two__image-inner\"><img decoding=\"async\" src=\"https:\/\/championclaimsusa.com\/wp-content\/uploads\/2024\/09\/Luisa-Transparent-1.png\" alt=\"\u0110\u1ec3 \u0111\u01b0\u1ee3c ki\u1ec3m tra mi\u1ec5n ph\u00ed\"\/><\/div><\/div> \r\n      <\/div>   \r\n   <\/div>\r\n<\/div>\t\t<\/div>\n\t\t\t\t<\/div>\n\t\t\t\t\t<\/div>\n\t\t<\/div>\n\t\t\t\t\t<\/div>\n\t\t<\/section>\n\t\t\t\t<\/div>\n\t\t","protected":false},"excerpt":{"rendered":"<p>Nh\u1eadn b\u00e1o gi\u00e1 Li\u00ean h\u1ec7 v\u1edbi ch\u00fang t\u00f4i \u0110\u1ec3 \u0111\u01b0\u1ee3c ki\u1ec3m tra mi\u1ec5n ph\u00ed Home Business Upload Your Insurance Policy Roof Age\/Years Upload Your Insurance Policy Roof Age\/Years<\/p>\n","protected":false},"author":2,"featured_media":0,"parent":0,"menu_order":0,"comment_status":"closed","ping_status":"closed","template":"","meta":{"footnotes":""},"class_list":["post-2210","page","type-page","status-publish","hentry"],"_links":{"self":[{"href":"https:\/\/championclaimsusa.com\/vi\/wp-json\/wp\/v2\/pages\/2210","targetHints":{"allow":["GET"]}}],"collection":[{"href":"https:\/\/championclaimsusa.com\/vi\/wp-json\/wp\/v2\/pages"}],"about":[{"href":"https:\/\/championclaimsusa.com\/vi\/wp-json\/wp\/v2\/types\/page"}],"author":[{"embeddable":true,"href":"https:\/\/championclaimsusa.com\/vi\/wp-json\/wp\/v2\/users\/2"}],"replies":[{"embeddable":true,"href":"https:\/\/championclaimsusa.com\/vi\/wp-json\/wp\/v2\/comments?post=2210"}],"version-history":[{"count":4,"href":"https:\/\/championclaimsusa.com\/vi\/wp-json\/wp\/v2\/pages\/2210\/revisions"}],"predecessor-version":[{"id":2519,"href":"https:\/\/championclaimsusa.com\/vi\/wp-json\/wp\/v2\/pages\/2210\/revisions\/2519"}],"wp:attachment":[{"href":"https:\/\/championclaimsusa.com\/vi\/wp-json\/wp\/v2\/media?parent=2210"}],"curies":[{"name":"wp","href":"https:\/\/api.w.org\/{rel}","templated":true}]}}