{"id":2148,"date":"2022-12-19T02:31:07","date_gmt":"2022-12-19T07:31:07","guid":{"rendered":"https:\/\/championclaimsusa.com\/phong-trung-bay\/"},"modified":"2024-09-20T17:54:46","modified_gmt":"2024-09-20T21:54:46","slug":"phong-trung-bay","status":"publish","type":"page","link":"https:\/\/championclaimsusa.com\/vi\/phong-trung-bay\/","title":{"rendered":"Ph\u00f2ng tr\u01b0ng b\u00e0y"},"content":{"rendered":"\t\t<div data-elementor-type=\"wp-page\" data-elementor-id=\"2148\" class=\"elementor elementor-2148 elementor-32\">\n\t\t\t\t\t\t<section class=\"elementor-section elementor-top-section elementor-element elementor-element-fd202d3 elementor-section-boxed elementor-section-height-default elementor-section-height-default\" data-id=\"fd202d3\" data-element_type=\"section\" data-settings=\"{&quot;background_background&quot;:&quot;slideshow&quot;,&quot;background_slideshow_gallery&quot;:[{&quot;id&quot;:573,&quot;url&quot;:&quot;https:\\\/\\\/championclaimsusa.com\\\/wp-content\\\/uploads\\\/2024\\\/08\\\/slider-2-1.webp&quot;},{&quot;id&quot;:575,&quot;url&quot;:&quot;https:\\\/\\\/championclaimsusa.com\\\/wp-content\\\/uploads\\\/2024\\\/08\\\/slider-1.png&quot;},{&quot;id&quot;:577,&quot;url&quot;:&quot;https:\\\/\\\/championclaimsusa.com\\\/wp-content\\\/uploads\\\/2024\\\/08\\\/slider-5.webp&quot;},{&quot;id&quot;:576,&quot;url&quot;:&quot;https:\\\/\\\/championclaimsusa.com\\\/wp-content\\\/uploads\\\/2024\\\/08\\\/slider-4.webp&quot;}],&quot;background_slideshow_ken_burns&quot;:&quot;yes&quot;,&quot;background_slideshow_loop&quot;:&quot;yes&quot;,&quot;background_slideshow_slide_duration&quot;:5000,&quot;background_slideshow_slide_transition&quot;:&quot;fade&quot;,&quot;background_slideshow_transition_duration&quot;:500,&quot;background_slideshow_ken_burns_zoom_direction&quot;:&quot;in&quot;}\">\n\t\t\t\t\t\t<div class=\"elementor-container elementor-column-gap-default\">\n\t\t\t\t\t<div class=\"elementor-column elementor-col-100 elementor-top-column elementor-element elementor-element-ba7dad5\" data-id=\"ba7dad5\" data-element_type=\"column\">\n\t\t\t<div class=\"elementor-widget-wrap elementor-element-populated\">\n\t\t\t\t\t\t<div class=\"elementor-element elementor-element-fab46f7 elementor-widget elementor-widget-gva-heading-block\" data-id=\"fab46f7\" data-element_type=\"widget\" data-widget_type=\"gva-heading-block.default\">\n\t\t\t\t<div class=\"elementor-widget-container\">\n\t\t\t<div class=\"gva-element-gva-heading-block gva-element\">   <div class=\"align-left style-1 widget gsc-heading box-align-left auto-responsive\">\r\n      <div class=\"content-inner\">\r\n         \r\n                  \r\n           \r\n         \r\n                     <h2 class=\"title\">\r\n               <span>Th\u01b0 vi\u1ec7n \u1ea3nh<\/span>\r\n            <\/h2>\r\n                  \r\n         \r\n         \r\n      <\/div>\r\n   <\/div>\r\n<\/div>\t\t<\/div>\n\t\t\t\t<\/div>\n\t\t\t\t\t<\/div>\n\t\t<\/div>\n\t\t\t\t\t<\/div>\n\t\t<\/section>\n\t\t\t\t<section class=\"elementor-section elementor-top-section elementor-element elementor-element-86f2921 elementor-section-boxed elementor-section-height-default elementor-section-height-default\" data-id=\"86f2921\" data-element_type=\"section\">\n\t\t\t\t\t\t<div class=\"elementor-container elementor-column-gap-default\">\n\t\t\t\t\t<div class=\"elementor-column elementor-col-100 elementor-top-column elementor-element elementor-element-5b19db5\" data-id=\"5b19db5\" data-element_type=\"column\">\n\t\t\t<div class=\"elementor-widget-wrap elementor-element-populated\">\n\t\t\t\t\t\t<div class=\"elementor-element elementor-element-a60bfef elementor-widget elementor-widget-gva-gallery\" data-id=\"a60bfef\" data-element_type=\"widget\" data-widget_type=\"gva-gallery.default\">\n\t\t\t\t<div class=\"elementor-widget-container\">\n\t\t\t<div class=\"gva-element-gva-gallery gva-element\">  \r\n<div class=\"gva-gallery-grid clearfix \">\r\n\t<div class=\"gva-content-items\"> \r\n\t  \t<div class=\"lg-block-grid-3 md-block-grid-3 sm-block-grid-2 xs-block-grid-1 xx-block-grid-1\">\r\n\t\t \t<div class=\"item\"><div class=\"gallery-one__single\"><div class=\"gallery-one__image\"><img decoding=\"async\" src=\"https:\/\/championclaimsusa.com\/wp-content\/uploads\/2024\/09\/gallery-1-600x540.png\" alt=\"Thi\u1ec7t h\u1ea1i m\u00e1i nh\u00e0\" \/><\/div><a class=\"gallery-one__photo photo-gallery\" href=\"https:\/\/championclaimsusa.com\/wp-content\/uploads\/2024\/09\/gallery-1.png\" data-elementor-lightbox-slideshow=\"gallery-zlzo\"><\/a><div class=\"gallery-one__content\"><div class=\"gallery-one__content-inner\"><h3 class=\"gallery-one__title\">Thi\u1ec7t h\u1ea1i m\u00e1i nh\u00e0<\/h3><div class=\"gallery-one__sub-title\">\u0110i\u1ec1u tra<\/div><\/div><\/div><\/div><\/div><div class=\"item\"><div class=\"gallery-one__single\"><div class=\"gallery-one__image\"><img decoding=\"async\" src=\"https:\/\/championclaimsusa.com\/wp-content\/uploads\/2024\/09\/gallery-6-600x540.png\" alt=\"M\u1ed9t kh\u00e1ch h\u00e0ng h\u1ea1nh ph\u00fac\" \/><\/div><a class=\"gallery-one__photo photo-gallery\" href=\"https:\/\/championclaimsusa.com\/wp-content\/uploads\/2024\/09\/gallery-6.png\" data-elementor-lightbox-slideshow=\"gallery-zlzo\"><\/a><div class=\"gallery-one__content\"><div class=\"gallery-one__content-inner\"><h3 class=\"gallery-one__title\">M\u1ed9t kh\u00e1ch h\u00e0ng h\u1ea1nh ph\u00fac<\/h3><div class=\"gallery-one__sub-title\">\u0110\u1ec1n b\u00f9<\/div><\/div><\/div><\/div><\/div><div class=\"item\"><div class=\"gallery-one__single\"><div class=\"gallery-one__image\"><img decoding=\"async\" src=\"https:\/\/championclaimsusa.com\/wp-content\/uploads\/2024\/09\/gallery-2-600x540.png\" alt=\"Thi\u1ec7t h\u1ea1i do b\u00e3o\" \/><\/div><a class=\"gallery-one__photo photo-gallery\" href=\"https:\/\/championclaimsusa.com\/wp-content\/uploads\/2024\/09\/gallery-2.png\" data-elementor-lightbox-slideshow=\"gallery-zlzo\"><\/a><div class=\"gallery-one__content\"><div class=\"gallery-one__content-inner\"><h3 class=\"gallery-one__title\">Thi\u1ec7t h\u1ea1i do b\u00e3o<\/h3><div class=\"gallery-one__sub-title\">\u0110i\u1ec1u tra<\/div><\/div><\/div><\/div><\/div><div class=\"item\"><div class=\"gallery-one__single\"><div class=\"gallery-one__image\"><img decoding=\"async\" src=\"https:\/\/championclaimsusa.com\/wp-content\/uploads\/2024\/09\/gallery-3-600x540.png\" alt=\"Thi\u1ec7t h\u1ea1i do b\u00e3o\" \/><\/div><a class=\"gallery-one__photo photo-gallery\" href=\"https:\/\/championclaimsusa.com\/wp-content\/uploads\/2024\/09\/gallery-3.png\" data-elementor-lightbox-slideshow=\"gallery-zlzo\"><\/a><div class=\"gallery-one__content\"><div class=\"gallery-one__content-inner\"><h3 class=\"gallery-one__title\">Thi\u1ec7t h\u1ea1i do b\u00e3o<\/h3><div class=\"gallery-one__sub-title\">\u0110i\u1ec1u tra<\/div><\/div><\/div><\/div><\/div><div class=\"item\"><div class=\"gallery-one__single\"><div class=\"gallery-one__image\"><img decoding=\"async\" src=\"https:\/\/championclaimsusa.com\/wp-content\/uploads\/2024\/09\/gallery-4-600x540.png\" alt=\"Thi\u1ec7t h\u1ea1i do b\u00e3o\" \/><\/div><a class=\"gallery-one__photo photo-gallery\" href=\"https:\/\/championclaimsusa.com\/wp-content\/uploads\/2024\/09\/gallery-4.png\" data-elementor-lightbox-slideshow=\"gallery-zlzo\"><\/a><div class=\"gallery-one__content\"><div class=\"gallery-one__content-inner\"><h3 class=\"gallery-one__title\">Thi\u1ec7t h\u1ea1i do b\u00e3o<\/h3><div class=\"gallery-one__sub-title\">\u0110i\u1ec1u tra<\/div><\/div><\/div><\/div><\/div><div class=\"item\"><div class=\"gallery-one__single\"><div class=\"gallery-one__image\"><img decoding=\"async\" src=\"https:\/\/championclaimsusa.com\/wp-content\/uploads\/2024\/09\/gallery-7-600x540.png\" alt=\"M\u1ed9t kh\u00e1ch h\u00e0ng h\u1ea1nh ph\u00fac\" \/><\/div><a class=\"gallery-one__photo photo-gallery\" href=\"https:\/\/championclaimsusa.com\/wp-content\/uploads\/2024\/09\/gallery-7.png\" data-elementor-lightbox-slideshow=\"gallery-zlzo\"><\/a><div class=\"gallery-one__content\"><div class=\"gallery-one__content-inner\"><h3 class=\"gallery-one__title\">M\u1ed9t kh\u00e1ch h\u00e0ng h\u1ea1nh ph\u00fac<\/h3><div class=\"gallery-one__sub-title\">\u0110\u1ec1n b\u00f9<\/div><\/div><\/div><\/div><\/div><div class=\"item\"><div class=\"gallery-one__single\"><div class=\"gallery-one__image\"><img decoding=\"async\" src=\"https:\/\/championclaimsusa.com\/wp-content\/uploads\/2024\/09\/gallery-5-600x540.png\" alt=\"Thi\u1ec7t h\u1ea1i do ch\u00e1y\" \/><\/div><a class=\"gallery-one__photo photo-gallery\" href=\"https:\/\/championclaimsusa.com\/wp-content\/uploads\/2024\/09\/gallery-5.png\" data-elementor-lightbox-slideshow=\"gallery-zlzo\"><\/a><div class=\"gallery-one__content\"><div class=\"gallery-one__content-inner\"><h3 class=\"gallery-one__title\">Thi\u1ec7t h\u1ea1i do ch\u00e1y<\/h3><div class=\"gallery-one__sub-title\">T\u00e0i li\u1ec7u thi\u1ec7t h\u1ea1i<\/div><\/div><\/div><\/div><\/div><div class=\"item\"><div class=\"gallery-one__single\"><div class=\"gallery-one__image\"><img decoding=\"async\" src=\"https:\/\/championclaimsusa.com\/wp-content\/uploads\/2024\/09\/Gallery-8-600x540.png\" alt=\"H\u01b0 h\u1ecfng do r\u00f2 r\u1ec9 \u0111\u01b0\u1eddng \u1ed1ng\" \/><\/div><a class=\"gallery-one__photo photo-gallery\" href=\"https:\/\/championclaimsusa.com\/wp-content\/uploads\/2024\/09\/Gallery-8.png\" data-elementor-lightbox-slideshow=\"gallery-zlzo\"><\/a><div class=\"gallery-one__content\"><div class=\"gallery-one__content-inner\"><h3 class=\"gallery-one__title\">H\u01b0 h\u1ecfng do r\u00f2 r\u1ec9 \u0111\u01b0\u1eddng \u1ed1ng<\/h3><div class=\"gallery-one__sub-title\">T\u00e0i li\u1ec7u thi\u1ec7t h\u1ea1i<\/div><\/div><\/div><\/div><\/div><div class=\"item\"><div class=\"gallery-one__single\"><div class=\"gallery-one__image\"><img decoding=\"async\" src=\"https:\/\/championclaimsusa.com\/wp-content\/uploads\/2024\/09\/gallery-9-600x540.png\" alt=\"Thi\u1ec7t h\u1ea1i do ch\u00e1y\" \/><\/div><a class=\"gallery-one__photo photo-gallery\" href=\"https:\/\/championclaimsusa.com\/wp-content\/uploads\/2024\/09\/gallery-9.png\" data-elementor-lightbox-slideshow=\"gallery-zlzo\"><\/a><div class=\"gallery-one__content\"><div class=\"gallery-one__content-inner\"><h3 class=\"gallery-one__title\">Thi\u1ec7t h\u1ea1i do ch\u00e1y<\/h3><div class=\"gallery-one__sub-title\">T\u00e0i li\u1ec7u thi\u1ec7t h\u1ea1i<\/div><\/div><\/div><\/div><\/div>\t  \t<\/div>\r\n\t<\/div>\r\n<\/div>\r\n<\/div>\t\t<\/div>\n\t\t\t\t<\/div>\n\t\t\t\t\t<\/div>\n\t\t<\/div>\n\t\t\t\t\t<\/div>\n\t\t<\/section>\n\t\t\t\t<\/div>\n\t\t","protected":false},"excerpt":{"rendered":"<p>Th\u01b0 vi\u1ec7n \u1ea3nh Thi\u1ec7t h\u1ea1i m\u00e1i nh\u00e0 \u0110i\u1ec1u tra M\u1ed9t kh\u00e1ch h\u00e0ng h\u1ea1nh ph\u00fac \u0110\u1ec1n b\u00f9 Thi\u1ec7t h\u1ea1i do b\u00e3o \u0110i\u1ec1u tra Thi\u1ec7t h\u1ea1i do b\u00e3o \u0110i\u1ec1u tra Thi\u1ec7t h\u1ea1i [&hellip;]<\/p>\n","protected":false},"author":2,"featured_media":0,"parent":0,"menu_order":0,"comment_status":"closed","ping_status":"closed","template":"","meta":{"footnotes":""},"class_list":["post-2148","page","type-page","status-publish","hentry"],"_links":{"self":[{"href":"https:\/\/championclaimsusa.com\/vi\/wp-json\/wp\/v2\/pages\/2148","targetHints":{"allow":["GET"]}}],"collection":[{"href":"https:\/\/championclaimsusa.com\/vi\/wp-json\/wp\/v2\/pages"}],"about":[{"href":"https:\/\/championclaimsusa.com\/vi\/wp-json\/wp\/v2\/types\/page"}],"author":[{"embeddable":true,"href":"https:\/\/championclaimsusa.com\/vi\/wp-json\/wp\/v2\/users\/2"}],"replies":[{"embeddable":true,"href":"https:\/\/championclaimsusa.com\/vi\/wp-json\/wp\/v2\/comments?post=2148"}],"version-history":[{"count":4,"href":"https:\/\/championclaimsusa.com\/vi\/wp-json\/wp\/v2\/pages\/2148\/revisions"}],"predecessor-version":[{"id":2481,"href":"https:\/\/championclaimsusa.com\/vi\/wp-json\/wp\/v2\/pages\/2148\/revisions\/2481"}],"wp:attachment":[{"href":"https:\/\/championclaimsusa.com\/vi\/wp-json\/wp\/v2\/media?parent=2148"}],"curies":[{"name":"wp","href":"https:\/\/api.w.org\/{rel}","templated":true}]}}