{"id":2131,"date":"2022-12-19T02:32:04","date_gmt":"2022-12-19T07:32:04","guid":{"rendered":"https:\/\/championclaimsusa.com\/servicios\/"},"modified":"2024-09-19T21:30:22","modified_gmt":"2024-09-20T01:30:22","slug":"servicios","status":"publish","type":"page","link":"https:\/\/championclaimsusa.com\/es\/servicios\/","title":{"rendered":"Servicios"},"content":{"rendered":"\t\t<div data-elementor-type=\"wp-page\" data-elementor-id=\"2131\" class=\"elementor elementor-2131 elementor-37\">\n\t\t\t\t\t\t<section class=\"elementor-section elementor-top-section elementor-element elementor-element-67152ff elementor-section-boxed elementor-section-height-default elementor-section-height-default\" data-id=\"67152ff\" data-element_type=\"section\" data-settings=\"{&quot;background_background&quot;:&quot;slideshow&quot;,&quot;background_slideshow_gallery&quot;:[{&quot;id&quot;:575,&quot;url&quot;:&quot;https:\\\/\\\/championclaimsusa.com\\\/wp-content\\\/uploads\\\/2024\\\/08\\\/slider-1.png&quot;},{&quot;id&quot;:576,&quot;url&quot;:&quot;https:\\\/\\\/championclaimsusa.com\\\/wp-content\\\/uploads\\\/2024\\\/08\\\/slider-4.webp&quot;},{&quot;id&quot;:577,&quot;url&quot;:&quot;https:\\\/\\\/championclaimsusa.com\\\/wp-content\\\/uploads\\\/2024\\\/08\\\/slider-5.webp&quot;},{&quot;id&quot;:573,&quot;url&quot;:&quot;https:\\\/\\\/championclaimsusa.com\\\/wp-content\\\/uploads\\\/2024\\\/08\\\/slider-2-1.webp&quot;}],&quot;background_slideshow_ken_burns&quot;:&quot;yes&quot;,&quot;background_slideshow_loop&quot;:&quot;yes&quot;,&quot;background_slideshow_slide_duration&quot;:5000,&quot;background_slideshow_slide_transition&quot;:&quot;fade&quot;,&quot;background_slideshow_transition_duration&quot;:500,&quot;background_slideshow_ken_burns_zoom_direction&quot;:&quot;in&quot;}\">\n\t\t\t\t\t\t<div class=\"elementor-container elementor-column-gap-default\">\n\t\t\t\t\t<div class=\"elementor-column elementor-col-100 elementor-top-column elementor-element elementor-element-108d99c\" data-id=\"108d99c\" data-element_type=\"column\">\n\t\t\t<div class=\"elementor-widget-wrap elementor-element-populated\">\n\t\t\t\t\t\t<div class=\"elementor-element elementor-element-07bec2e elementor-widget elementor-widget-gva-heading-block\" data-id=\"07bec2e\" data-element_type=\"widget\" data-widget_type=\"gva-heading-block.default\">\n\t\t\t\t<div class=\"elementor-widget-container\">\n\t\t\t<div class=\"gva-element-gva-heading-block gva-element\">   <div class=\"align-left style-1 widget gsc-heading box-align-left auto-responsive\">\r\n      <div class=\"content-inner\">\r\n         \r\n                  \r\n           \r\n         \r\n                     <h2 class=\"title\">\r\n               <span>Servicios de ajuste<\/span>\r\n            <\/h2>\r\n                  \r\n                     <div class=\"title-desc\">Proporcionamos un camino sin estr\u00e9s hacia un pago justo y sustancial<\/div>\r\n         \r\n         \r\n      <\/div>\r\n   <\/div>\r\n<\/div>\t\t<\/div>\n\t\t\t\t<\/div>\n\t\t\t\t\t<\/div>\n\t\t<\/div>\n\t\t\t\t\t<\/div>\n\t\t<\/section>\n\t\t\t\t<section class=\"elementor-section elementor-top-section elementor-element elementor-element-dd07740 elementor-section-boxed elementor-section-height-default elementor-section-height-default\" data-id=\"dd07740\" data-element_type=\"section\">\n\t\t\t\t\t\t<div class=\"elementor-container elementor-column-gap-default\">\n\t\t\t\t\t<div class=\"elementor-column elementor-col-100 elementor-top-column elementor-element elementor-element-1e099e8\" data-id=\"1e099e8\" data-element_type=\"column\">\n\t\t\t<div class=\"elementor-widget-wrap elementor-element-populated\">\n\t\t\t\t\t\t<div class=\"elementor-element elementor-element-afc578d elementor-widget elementor-widget-gva_icon_box_group\" data-id=\"afc578d\" data-element_type=\"widget\" data-widget_type=\"gva_icon_box_group.default\">\n\t\t\t\t<div class=\"elementor-widget-container\">\n\t\t\t<div class=\"gva-element-gva_icon_box_group gva-element\">\r\n<div class=\"gsc-icon-box-group layout-carousel swiper-slider-wrapper \">\r\n   <div class=\"swiper-content-inner\">\r\n      <div class=\"init-carousel-swiper swiper\" data-carousel=\"{&quot;items&quot;:4,&quot;items_lg&quot;:4,&quot;items_md&quot;:3,&quot;items_sm&quot;:3,&quot;items_xs&quot;:2,&quot;items_xx&quot;:2,&quot;effect&quot;:&quot;slide&quot;,&quot;space_between&quot;:30,&quot;loop&quot;:1,&quot;speed&quot;:1200,&quot;autoplay&quot;:1,&quot;autoplay_delay&quot;:5500,&quot;autoplay_hover&quot;:1,&quot;navigation&quot;:1,&quot;pagination&quot;:0,&quot;dynamic_bullets&quot;:0,&quot;pagination_type&quot;:&quot;bullets&quot;}\">\r\n         <div class=\"swiper-wrapper\">\r\n            <div class=\"swiper-slide\">\r\n<div class=\"icon-box-item elementor-repeater-item-d833a49\">\r\n\t\t<div class=\"iconbox-one__single\"><h3 class=\"iconbox-one__title\">Cero Costo de Entrada<\/h3><div class=\"iconbox-one__icon\"><i aria-hidden=\"true\" class=\" micon__save-money\"><\/i><\/div><div class=\"iconbox-one__desc\">Evite gastos de su bolsillo con nuestra asistencia de reclamaciones sin costo.<\/div>\t\t  <a href=\"#\" class=\"iconbox-one__link-overlay\">\r\n\t\t\t \t\t  <\/a>\r\n\t\t  <\/div>\r\n\t\t<\/div><\/div><div class=\"swiper-slide\">\r\n<div class=\"icon-box-item elementor-repeater-item-b50c52e\">\r\n\t\t<div class=\"iconbox-one__single\"><h3 class=\"iconbox-one__title\">Obtenga una cotizaci\u00f3n gratuita.<\/h3><div class=\"iconbox-one__icon\"><i aria-hidden=\"true\" class=\" micon__online-registration\"><\/i><\/div><div class=\"iconbox-one__desc\">Obtenga una cotizaci\u00f3n gratuita hoy y descubra c\u00f3mo nuestro equipo de expertos puede ayudarlo a obtener el pago m\u00e1ximo.<\/div>\t\t  <a href=\"#\" class=\"iconbox-one__link-overlay\">\r\n\t\t\t \t\t  <\/a>\r\n\t\t  <\/div>\r\n\t\t<\/div><\/div><div class=\"swiper-slide\">\r\n<div class=\"icon-box-item elementor-repeater-item-2c50c28\">\r\n\t\t<div class=\"iconbox-one__single\"><h3 class=\"iconbox-one__title\">Proceso sin Estr\u00e9s.<\/h3><div class=\"iconbox-one__icon\"><i aria-hidden=\"true\" class=\" micon__guarantee\"><\/i><\/div><div class=\"iconbox-one__desc\">Perm\u00edtanos manejar las complejidades de su reclamaci\u00f3n, garantizando una experiencia sin complicaciones.<\/div>\t\t  <a href=\"#\" class=\"iconbox-one__link-overlay\">\r\n\t\t\t \t\t  <\/a>\r\n\t\t  <\/div>\r\n\t\t<\/div><\/div><div class=\"swiper-slide\">\r\n<div class=\"icon-box-item elementor-repeater-item-c492c79\">\r\n\t\t<div class=\"iconbox-one__single\"><h3 class=\"iconbox-one__title\">M\u00e1xima Compensaci\u00f3n<\/h3><div class=\"iconbox-one__icon\"><i aria-hidden=\"true\" class=\" micon__insurance\"><\/i><\/div><div class=\"iconbox-one__desc\">Nos esforzamos por asegurar el mayor acuerdo posible para su reclamaci\u00f3n.<\/div>\t\t  <a href=\"#\" class=\"iconbox-one__link-overlay\">\r\n\t\t\t \t\t  <\/a>\r\n\t\t  <\/div>\r\n\t\t<\/div><\/div>         <\/div>\r\n      <\/div>\r\n   <\/div>   \r\n   <div class=\"swiper-pagination\"><\/div>   <div class=\"swiper-nav-next\"><\/div><div class=\"swiper-nav-prev\"><\/div><\/div>\r\n<\/div>\t\t<\/div>\n\t\t\t\t<\/div>\n\t\t\t\t\t<\/div>\n\t\t<\/div>\n\t\t\t\t\t<\/div>\n\t\t<\/section>\n\t\t\t\t<section class=\"elementor-section elementor-top-section elementor-element elementor-element-ee08d72 elementor-section-boxed elementor-section-height-default elementor-section-height-default\" data-id=\"ee08d72\" data-element_type=\"section\">\n\t\t\t\t\t\t<div class=\"elementor-container elementor-column-gap-default\">\n\t\t\t\t\t<div class=\"elementor-column elementor-col-100 elementor-top-column elementor-element elementor-element-697956a\" data-id=\"697956a\" data-element_type=\"column\">\n\t\t\t<div class=\"elementor-widget-wrap elementor-element-populated\">\n\t\t\t\t\t\t<div class=\"elementor-element elementor-element-5c59828 elementor-widget elementor-widget-gva-heading-block\" data-id=\"5c59828\" data-element_type=\"widget\" data-widget_type=\"gva-heading-block.default\">\n\t\t\t\t<div class=\"elementor-widget-container\">\n\t\t\t<div class=\"gva-element-gva-heading-block gva-element\">   <div class=\"align-center style-1 widget gsc-heading box-align-left auto-responsive\">\r\n      <div class=\"content-inner\">\r\n         \r\n                  \r\n         <div class=\"sub-title\"><span class=\"tagline\">Nuestra Oferta<\/span><\/div>  \r\n         \r\n                     <h2 class=\"title\">\r\n               <span>Estamos aqu\u00ed para abogar por usted y ayudarle a obtener lo que le corresponde.<\/span>\r\n            <\/h2>\r\n                  \r\n         \r\n         \r\n      <\/div>\r\n   <\/div>\r\n<\/div>\t\t<\/div>\n\t\t\t\t<\/div>\n\t\t\t\t<div class=\"elementor-element elementor-element-aacdc6f elementor-widget elementor-widget-gva-services\" data-id=\"aacdc6f\" data-element_type=\"widget\" data-widget_type=\"gva-services.default\">\n\t\t\t\t<div class=\"elementor-widget-container\">\n\t\t\t<div class=\"gva-element-gva-services gva-element\">\r\n<div class=\"gsc-services layout-grid\">\r\n   <div class=\"lg-block-grid-4 md-block-grid-4 sm-block-grid-3 xs-block-grid-2 xx-block-grid-2\">\r\n      <div class=\"item-columns\">\r\n\t\r\n\r\n\r\n\r\n<div class=\"service-four__single active\"><div class=\"service-four__image\"><img decoding=\"async\" src=\"https:\/\/championclaimsusa.com\/wp-content\/uploads\/2024\/09\/cc-roof-damage.png\" alt=\"Da\u00f1os de techo\"\/><\/div><div class=\"service-four__content\"><div class=\"service-four__content-inner\"><span class=\"service-four__icon\"><span class=\"service-four__icon-inner\"><i aria-hidden=\"true\" class=\"fas fa-house-damage\"><\/i><\/span><\/span><h4 class=\"service-four__title\"><span>Da\u00f1os de techo<\/span><\/h4><div class=\"service-four__desc\">Evaluamos y documentamos los da\u00f1os en el techo causados por tormentas, filtraciones u otros incidentes.<\/div><div class=\"service-three__button\">\t\t  <a href=\"https:\/\/championclaimsusa.com\/services\/roof-damage\/\" class=\"btn-inline\">\r\n\t\t\t Read more\t\t  <\/a>\r\n\t\t  <\/div><\/div><\/div>\t\t  <a href=\"https:\/\/championclaimsusa.com\/services\/roof-damage\/\" class=\"service-four__overlay-link\"><\/a>\r\n\t\t  <\/div><\/div><div class=\"item-columns\">\r\n\t\r\n\r\n\r\n\r\n<div class=\"service-four__single active\"><div class=\"service-four__image\"><img decoding=\"async\" src=\"https:\/\/championclaimsusa.com\/wp-content\/uploads\/2024\/09\/pipe-leak-champion-claims-1.png\" alt=\"Da\u00f1os de tuber\u00edas\"\/><\/div><div class=\"service-four__content\"><div class=\"service-four__content-inner\"><span class=\"service-four__icon\"><span class=\"service-four__icon-inner\"><i aria-hidden=\"true\" class=\"fas fa-wrench\"><\/i><\/span><\/span><h4 class=\"service-four__title\"><span>Da\u00f1os de tuber\u00edas<\/span><\/h4><div class=\"service-four__desc\">Nuestros ajustadores se especializan en evaluar los da\u00f1os por agua causados por filtraciones y tuber\u00edas rotas.<\/div><div class=\"service-three__button\">\t\t  <a href=\"https:\/\/championclaimsusa.com\/services\/pipe-leak\/\" class=\"btn-inline\">\r\n\t\t\t Read more\t\t  <\/a>\r\n\t\t  <\/div><\/div><\/div>\t\t  <a href=\"https:\/\/championclaimsusa.com\/services\/pipe-leak\/\" class=\"service-four__overlay-link\"><\/a>\r\n\t\t  <\/div><\/div><div class=\"item-columns\">\r\n\t\r\n\r\n\r\n\r\n<div class=\"service-four__single\"><div class=\"service-four__image\"><img decoding=\"async\" src=\"https:\/\/championclaimsusa.com\/wp-content\/uploads\/2023\/01\/service-06.jpg\" alt=\"Incendios\"\/><\/div><div class=\"service-four__content\"><div class=\"service-four__content-inner\"><span class=\"service-four__icon\"><span class=\"service-four__icon-inner\"><i aria-hidden=\"true\" class=\" micon__fire1\"><\/i><\/span><\/span><h4 class=\"service-four__title\"><span>Incendios<\/span><\/h4><div class=\"service-four__desc\">Ayudamos a determinar el alcance de los da\u00f1os causados por incendios y a evaluar las p\u00e9rdidas en la propiedad.<\/div><div class=\"service-three__button\">\t\t  <a href=\"https:\/\/championclaimsusa.com\/services\/fire\/\" class=\"btn-inline\">\r\n\t\t\t Read more\t\t  <\/a>\r\n\t\t  <\/div><\/div><\/div>\t\t  <a href=\"https:\/\/championclaimsusa.com\/services\/fire\/\" class=\"service-four__overlay-link\"><\/a>\r\n\t\t  <\/div><\/div><div class=\"item-columns\">\r\n\t\r\n\r\n\r\n\r\n<div class=\"service-four__single\"><div class=\"service-four__image\"><img decoding=\"async\" src=\"https:\/\/championclaimsusa.com\/wp-content\/uploads\/2024\/09\/CC-hurricane.png\" alt=\"Huracanes\"\/><\/div><div class=\"service-four__content\"><div class=\"service-four__content-inner\"><span class=\"service-four__icon\"><span class=\"service-four__icon-inner\"><i aria-hidden=\"true\" class=\"fas fa-cloud-rain\"><\/i><\/span><\/span><h4 class=\"service-four__title\"><span>Huracanes<\/span><\/h4><div class=\"service-four__desc\">Tenemos experiencia en manejar reclamaciones relacionadas con huracanes, desde da\u00f1os por viento hasta inundaciones y la remoci\u00f3n de escombros.\n<\/div><div class=\"service-three__button\">\t\t  <a href=\"https:\/\/championclaimsusa.com\/services\/hurricane\/\" class=\"btn-inline\">\r\n\t\t\t Read more\t\t  <\/a>\r\n\t\t  <\/div><\/div><\/div>\t\t  <a href=\"https:\/\/championclaimsusa.com\/services\/hurricane\/\" class=\"service-four__overlay-link\"><\/a>\r\n\t\t  <\/div><\/div>   <\/div>\r\n<\/div>\r\n<\/div>\t\t<\/div>\n\t\t\t\t<\/div>\n\t\t\t\t\t<\/div>\n\t\t<\/div>\n\t\t\t\t\t<\/div>\n\t\t<\/section>\n\t\t\t\t<section class=\"elementor-section elementor-top-section elementor-element elementor-element-c6640ea elementor-section-boxed elementor-section-height-default elementor-section-height-default\" data-id=\"c6640ea\" data-element_type=\"section\">\n\t\t\t\t\t\t<div class=\"elementor-container elementor-column-gap-default\">\n\t\t\t\t\t<div class=\"elementor-column elementor-col-50 elementor-top-column elementor-element elementor-element-e0f5378\" data-id=\"e0f5378\" data-element_type=\"column\" data-settings=\"{&quot;background_background&quot;:&quot;classic&quot;}\">\n\t\t\t<div class=\"elementor-widget-wrap elementor-element-populated\">\n\t\t\t\t\t\t<div class=\"elementor-element elementor-element-c609c09 elementor-widget elementor-widget-spacer\" data-id=\"c609c09\" data-element_type=\"widget\" data-widget_type=\"spacer.default\">\n\t\t\t\t<div class=\"elementor-widget-container\">\n\t\t\t\t\t<div class=\"elementor-spacer\">\n\t\t\t<div class=\"elementor-spacer-inner\"><\/div>\n\t\t<\/div>\n\t\t\t\t<\/div>\n\t\t\t\t<\/div>\n\t\t\t\t\t<\/div>\n\t\t<\/div>\n\t\t\t\t<div class=\"elementor-column elementor-col-50 elementor-top-column elementor-element elementor-element-919ea17\" data-id=\"919ea17\" data-element_type=\"column\" data-settings=\"{&quot;background_background&quot;:&quot;gradient&quot;}\">\n\t\t\t<div class=\"elementor-widget-wrap elementor-element-populated\">\n\t\t\t\t\t<div class=\"elementor-background-overlay\"><\/div>\n\t\t\t\t\t\t<div class=\"elementor-element elementor-element-6bcafc7 elementor-widget elementor-widget-heading\" data-id=\"6bcafc7\" data-element_type=\"widget\" data-widget_type=\"heading.default\">\n\t\t\t\t<div class=\"elementor-widget-container\">\n\t\t\t<h2 class=\"elementor-heading-title elementor-size-default\">\u00bfPor qu\u00e9 elegirnos?<\/h2>\t\t<\/div>\n\t\t\t\t<\/div>\n\t\t\t\t<div class=\"elementor-element elementor-element-dc73997 elementor-widget elementor-widget-text-editor\" data-id=\"dc73997\" data-element_type=\"widget\" data-widget_type=\"text-editor.default\">\n\t\t\t\t<div class=\"elementor-widget-container\">\n\t\t\t\t\t\t\t<p>Como su ajustador p\u00fablico independiente de confianza en Florida, Champion Claims va m\u00e1s all\u00e1 para asegurar el pago m\u00e1ximo y ser firmes defensores de nuestros clientes residenciales y comerciales. Con nosotros, no se trata solo de presentar una reclamaci\u00f3n, sino de emprender un camino hacia la recuperaci\u00f3n con un socio confiable a su lado. Cont\u00e1ctenos hoy y perm\u00edtanos manejar la complejidad de su reclamaci\u00f3n, sabiendo que est\u00e1 en buenas manos para obtener lo que leg\u00edtimamente le corresponde.  <\/p>\n\t\t\t\t\t\t<\/div>\n\t\t\t\t<\/div>\n\t\t\t\t<div class=\"elementor-element elementor-element-ba27150 elementor-icon-list--layout-traditional elementor-list-item-link-full_width elementor-widget elementor-widget-icon-list\" data-id=\"ba27150\" data-element_type=\"widget\" data-widget_type=\"icon-list.default\">\n\t\t\t\t<div class=\"elementor-widget-container\">\n\t\t\t\t\t<ul class=\"elementor-icon-list-items\">\n\t\t\t\t\t\t\t<li class=\"elementor-icon-list-item\">\n\t\t\t\t\t\t\t\t\t\t\t<span class=\"elementor-icon-list-icon\">\n\t\t\t\t\t\t\t<i aria-hidden=\"true\" class=\"fas fa-check-circle\"><\/i>\t\t\t\t\t\t<\/span>\n\t\t\t\t\t\t\t\t\t\t<span class=\"elementor-icon-list-text\">Satisfacci\u00f3n del Cliente.<\/span>\n\t\t\t\t\t\t\t\t\t<\/li>\n\t\t\t\t\t\t\t\t<li class=\"elementor-icon-list-item\">\n\t\t\t\t\t\t\t\t\t\t\t<span class=\"elementor-icon-list-icon\">\n\t\t\t\t\t\t\t<i aria-hidden=\"true\" class=\"fas fa-check-circle\"><\/i>\t\t\t\t\t\t<\/span>\n\t\t\t\t\t\t\t\t\t\t<span class=\"elementor-icon-list-text\">Proceso sin Estr\u00e9s.<\/span>\n\t\t\t\t\t\t\t\t\t<\/li>\n\t\t\t\t\t\t\t\t<li class=\"elementor-icon-list-item\">\n\t\t\t\t\t\t\t\t\t\t\t<span class=\"elementor-icon-list-icon\">\n\t\t\t\t\t\t\t<i aria-hidden=\"true\" class=\"fas fa-check-circle\"><\/i>\t\t\t\t\t\t<\/span>\n\t\t\t\t\t\t\t\t\t\t<span class=\"elementor-icon-list-text\">M\u00e1xima Compensaci\u00f3n<\/span>\n\t\t\t\t\t\t\t\t\t<\/li>\n\t\t\t\t\t\t<\/ul>\n\t\t\t\t<\/div>\n\t\t\t\t<\/div>\n\t\t\t\t\t<\/div>\n\t\t<\/div>\n\t\t\t\t\t<\/div>\n\t\t<\/section>\n\t\t\t\t<\/div>\n\t\t","protected":false},"excerpt":{"rendered":"<p>Servicios de ajuste Proporcionamos un camino sin estr\u00e9s hacia un pago justo y sustancial Cero Costo de Entrada Evite gastos de su bolsillo con nuestra asistencia de reclamaciones sin costo. [&hellip;]<\/p>\n","protected":false},"author":2,"featured_media":0,"parent":0,"menu_order":0,"comment_status":"closed","ping_status":"closed","template":"","meta":{"footnotes":""},"class_list":["post-2131","page","type-page","status-publish","hentry"],"_links":{"self":[{"href":"https:\/\/championclaimsusa.com\/es\/wp-json\/wp\/v2\/pages\/2131","targetHints":{"allow":["GET"]}}],"collection":[{"href":"https:\/\/championclaimsusa.com\/es\/wp-json\/wp\/v2\/pages"}],"about":[{"href":"https:\/\/championclaimsusa.com\/es\/wp-json\/wp\/v2\/types\/page"}],"author":[{"embeddable":true,"href":"https:\/\/championclaimsusa.com\/es\/wp-json\/wp\/v2\/users\/2"}],"replies":[{"embeddable":true,"href":"https:\/\/championclaimsusa.com\/es\/wp-json\/wp\/v2\/comments?post=2131"}],"version-history":[{"count":12,"href":"https:\/\/championclaimsusa.com\/es\/wp-json\/wp\/v2\/pages\/2131\/revisions"}],"predecessor-version":[{"id":2183,"href":"https:\/\/championclaimsusa.com\/es\/wp-json\/wp\/v2\/pages\/2131\/revisions\/2183"}],"wp:attachment":[{"href":"https:\/\/championclaimsusa.com\/es\/wp-json\/wp\/v2\/media?parent=2131"}],"curies":[{"name":"wp","href":"https:\/\/api.w.org\/{rel}","templated":true}]}}